{"id":12981,"date":"2023-06-27T22:04:43","date_gmt":"2023-06-27T20:04:43","guid":{"rendered":"https:\/\/www.franzjosefkaiser.com\/?page_id=12981"},"modified":"2023-06-27T22:04:44","modified_gmt":"2023-06-27T20:04:44","slug":"root-redirect","status":"publish","type":"page","link":"https:\/\/www.franzjosefkaiser.com\/","title":{"rendered":"root redirect"},"content":{"rendered":"\n<p><a href=\"https:\/\/www.franzjosefkaiser.com\/cs\/\">https:\/\/www.franzjosefkaiser.com\/cs\/<\/a><\/p>\n","protected":false},"excerpt":{"rendered":"<p>https:\/\/www.franzjosefkaiser.com\/cs\/<\/p>\n","protected":false},"author":4,"featured_media":0,"parent":0,"menu_order":0,"comment_status":"closed","ping_status":"closed","template":"page-wpml-root.php","meta":{"footnotes":""},"class_list":["post-12981","page","type-page","status-publish","hentry"],"acf":[],"yoast_head":"<!-- This site is optimized with the Yoast SEO plugin v27.0 - https:\/\/yoast.com\/product\/yoast-seo-wordpress\/ -->\n<title>FRANZ JOSEF KAISER<\/title>\n<meta name=\"robots\" content=\"noindex, follow\" \/>\n<meta property=\"og:locale\" content=\"cs_CZ\" \/>\n<meta property=\"og:type\" content=\"article\" \/>\n<meta property=\"og:title\" content=\"FRANZ JOSEF KAISER\" \/>\n<meta property=\"og:description\" content=\"https:\/\/www.franzjosefkaiser.com\/cs\/\" \/>\n<meta property=\"og:url\" content=\"https:\/\/www.franzjosefkaiser.com\/cs\/\" \/>\n<meta property=\"og:site_name\" content=\"FRANZ JOSEF KAISER\" \/>\n<meta property=\"article:modified_time\" content=\"2023-06-27T20:04:44+00:00\" \/>\n<meta property=\"og:image\" content=\"https:\/\/www.franzjosefkaiser.com\/wp-content\/uploads\/2021\/11\/IMG_9964.jpg\" \/>\n\t<meta property=\"og:image:width\" content=\"2941\" \/>\n\t<meta property=\"og:image:height\" content=\"2941\" \/>\n\t<meta property=\"og:image:type\" content=\"image\/jpeg\" \/>\n<meta name=\"twitter:card\" content=\"summary_large_image\" \/>\n<meta name=\"twitter:label1\" content=\"Odhadovan\u00e1 doba \u010dten\u00ed\" \/>\n\t<meta name=\"twitter:data1\" content=\"1 minuta\" \/>\n<script type=\"application\/ld+json\" class=\"yoast-schema-graph\">{\"@context\":\"https:\/\/schema.org\",\"@graph\":[{\"@type\":\"WebPage\",\"@id\":\"https:\/\/www.franzjosefkaiser.com\/\",\"url\":\"https:\/\/www.franzjosefkaiser.com\/cs\/\",\"name\":\"FRANZ JOSEF KAISER\",\"isPartOf\":{\"@id\":\"https:\/\/www.franzjosefkaiser.com\/cs\/#website\"},\"datePublished\":\"2023-06-27T20:04:43+00:00\",\"dateModified\":\"2023-06-27T20:04:44+00:00\",\"breadcrumb\":{\"@id\":\"https:\/\/www.franzjosefkaiser.com\/cs\/#breadcrumb\"},\"inLanguage\":\"cs\",\"potentialAction\":[{\"@type\":\"ReadAction\",\"target\":[\"https:\/\/www.franzjosefkaiser.com\/cs\/\"]}]},{\"@type\":\"BreadcrumbList\",\"@id\":\"https:\/\/www.franzjosefkaiser.com\/cs\/#breadcrumb\",\"itemListElement\":[{\"@type\":\"ListItem\",\"position\":1,\"name\":\"Dom\u016f\",\"item\":\"https:\/\/www.franzjosefkaiser.com\/cs\/\"},{\"@type\":\"ListItem\",\"position\":2,\"name\":\"root redirect\"}]},{\"@type\":\"WebSite\",\"@id\":\"https:\/\/www.franzjosefkaiser.com\/cs\/#website\",\"url\":\"https:\/\/www.franzjosefkaiser.com\/cs\/\",\"name\":\"FRANZ JOSEF KAISER\",\"description\":\"\",\"publisher\":{\"@id\":\"https:\/\/www.franzjosefkaiser.com\/cs\/#organization\"},\"potentialAction\":[{\"@type\":\"SearchAction\",\"target\":{\"@type\":\"EntryPoint\",\"urlTemplate\":\"https:\/\/www.franzjosefkaiser.com\/cs\/?s={search_term_string}\"},\"query-input\":{\"@type\":\"PropertyValueSpecification\",\"valueRequired\":true,\"valueName\":\"search_term_string\"}}],\"inLanguage\":\"cs\"},{\"@type\":\"Organization\",\"@id\":\"https:\/\/www.franzjosefkaiser.com\/cs\/#organization\",\"name\":\"GASTON, s.r.o.\",\"url\":\"https:\/\/www.franzjosefkaiser.com\/cs\/\",\"logo\":{\"@type\":\"ImageObject\",\"inLanguage\":\"cs\",\"@id\":\"https:\/\/www.franzjosefkaiser.com\/cs\/#\/schema\/logo\/image\/\",\"url\":\"https:\/\/www.franzjosefkaiser.com\/wp-content\/uploads\/2019\/10\/fj_logo.png\",\"contentUrl\":\"https:\/\/www.franzjosefkaiser.com\/wp-content\/uploads\/2019\/10\/fj_logo.png\",\"width\":770,\"height\":741,\"caption\":\"GASTON, s.r.o.\"},\"image\":{\"@id\":\"https:\/\/www.franzjosefkaiser.com\/cs\/#\/schema\/logo\/image\/\"}}]}<\/script>\n<!-- \/ Yoast SEO plugin. -->","yoast_head_json":{"title":"FRANZ JOSEF KAISER","robots":{"index":"noindex","follow":"follow"},"og_locale":"cs_CZ","og_type":"article","og_title":"FRANZ JOSEF KAISER","og_description":"https:\/\/www.franzjosefkaiser.com\/cs\/","og_url":"https:\/\/www.franzjosefkaiser.com\/cs\/","og_site_name":"FRANZ JOSEF KAISER","article_modified_time":"2023-06-27T20:04:44+00:00","og_image":[{"width":2941,"height":2941,"url":"https:\/\/www.franzjosefkaiser.com\/wp-content\/uploads\/2021\/11\/IMG_9964.jpg","type":"image\/jpeg"}],"twitter_card":"summary_large_image","twitter_misc":{"Odhadovan\u00e1 doba \u010dten\u00ed":"1 minuta"},"schema":{"@context":"https:\/\/schema.org","@graph":[{"@type":"WebPage","@id":"https:\/\/www.franzjosefkaiser.com\/","url":"https:\/\/www.franzjosefkaiser.com\/cs\/","name":"FRANZ JOSEF KAISER","isPartOf":{"@id":"https:\/\/www.franzjosefkaiser.com\/cs\/#website"},"datePublished":"2023-06-27T20:04:43+00:00","dateModified":"2023-06-27T20:04:44+00:00","breadcrumb":{"@id":"https:\/\/www.franzjosefkaiser.com\/cs\/#breadcrumb"},"inLanguage":"cs","potentialAction":[{"@type":"ReadAction","target":["https:\/\/www.franzjosefkaiser.com\/cs\/"]}]},{"@type":"BreadcrumbList","@id":"https:\/\/www.franzjosefkaiser.com\/cs\/#breadcrumb","itemListElement":[{"@type":"ListItem","position":1,"name":"Dom\u016f","item":"https:\/\/www.franzjosefkaiser.com\/cs\/"},{"@type":"ListItem","position":2,"name":"root redirect"}]},{"@type":"WebSite","@id":"https:\/\/www.franzjosefkaiser.com\/cs\/#website","url":"https:\/\/www.franzjosefkaiser.com\/cs\/","name":"FRANZ JOSEF KAISER","description":"","publisher":{"@id":"https:\/\/www.franzjosefkaiser.com\/cs\/#organization"},"potentialAction":[{"@type":"SearchAction","target":{"@type":"EntryPoint","urlTemplate":"https:\/\/www.franzjosefkaiser.com\/cs\/?s={search_term_string}"},"query-input":{"@type":"PropertyValueSpecification","valueRequired":true,"valueName":"search_term_string"}}],"inLanguage":"cs"},{"@type":"Organization","@id":"https:\/\/www.franzjosefkaiser.com\/cs\/#organization","name":"GASTON, s.r.o.","url":"https:\/\/www.franzjosefkaiser.com\/cs\/","logo":{"@type":"ImageObject","inLanguage":"cs","@id":"https:\/\/www.franzjosefkaiser.com\/cs\/#\/schema\/logo\/image\/","url":"https:\/\/www.franzjosefkaiser.com\/wp-content\/uploads\/2019\/10\/fj_logo.png","contentUrl":"https:\/\/www.franzjosefkaiser.com\/wp-content\/uploads\/2019\/10\/fj_logo.png","width":770,"height":741,"caption":"GASTON, s.r.o."},"image":{"@id":"https:\/\/www.franzjosefkaiser.com\/cs\/#\/schema\/logo\/image\/"}}]}},"_links":{"self":[{"href":"https:\/\/www.franzjosefkaiser.com\/cs\/wp-json\/wp\/v2\/pages\/12981","targetHints":{"allow":["GET"]}}],"collection":[{"href":"https:\/\/www.franzjosefkaiser.com\/cs\/wp-json\/wp\/v2\/pages"}],"about":[{"href":"https:\/\/www.franzjosefkaiser.com\/cs\/wp-json\/wp\/v2\/types\/page"}],"author":[{"embeddable":true,"href":"https:\/\/www.franzjosefkaiser.com\/cs\/wp-json\/wp\/v2\/users\/4"}],"replies":[{"embeddable":true,"href":"https:\/\/www.franzjosefkaiser.com\/cs\/wp-json\/wp\/v2\/comments?post=12981"}],"version-history":[{"count":1,"href":"https:\/\/www.franzjosefkaiser.com\/cs\/wp-json\/wp\/v2\/pages\/12981\/revisions"}],"predecessor-version":[{"id":12982,"href":"https:\/\/www.franzjosefkaiser.com\/cs\/wp-json\/wp\/v2\/pages\/12981\/revisions\/12982"}],"wp:attachment":[{"href":"https:\/\/www.franzjosefkaiser.com\/cs\/wp-json\/wp\/v2\/media?parent=12981"}],"curies":[{"name":"wp","href":"https:\/\/api.w.org\/{rel}","templated":true}]}}